{"id":6,"date":"2015-10-15T15:47:04","date_gmt":"2015-10-15T14:47:04","guid":{"rendered":"http:\/\/wp-base.eliappdrupal1.elisys-servers.ca\/fr\/?page_id=6"},"modified":"2026-03-26T16:21:22","modified_gmt":"2026-03-26T20:21:22","slug":"bio-biscuit-la-nutrition-animale-reinventee","status":"publish","type":"page","link":"https:\/\/www.biobiscuit.com\/fr\/","title":{"rendered":"Bio Biscuit <span>&#8211; <\/span><em>la nutrition animale r\u00e9invent\u00e9e<\/em>"},"content":{"rendered":"<p>Chez Bio Biscuit, nous voulons ce qu&rsquo;il y a de meilleur pour vos animaux. Depuis plus de 20 ans, nous fabriquons de la nourriture, des g\u00e2teries et des biscuits cuits au four pour chiens et chats \u00e9labor\u00e9s avec soin par une \u00e9quipe de sp\u00e9cialistes en nutrition animale.<\/p>\n","protected":false},"excerpt":{"rendered":"<p>Chez Bio Biscuit, nous voulons ce qu&rsquo;il y a de meilleur pour vos animaux. Depuis plus de 20 ans, nous fabriquons de la nourriture, des g\u00e2teries et des biscuits cuits au four pour chiens et chats \u00e9labor\u00e9s avec soin par une \u00e9quipe de sp\u00e9cialistes en nutrition animale.<\/p>\n","protected":false},"author":1,"featured_media":0,"parent":0,"menu_order":0,"comment_status":"closed","ping_status":"closed","template":"","meta":{"_acf_changed":false,"footnotes":""},"acf":[],"yoast_head":"<!-- This site is optimized with the Yoast SEO plugin v22.9 - https:\/\/yoast.com\/wordpress\/plugins\/seo\/ -->\n<title>Bio Biscuit - Fabricant de nourriture pour chiens et chats de qualit\u00e9<\/title>\n<meta name=\"description\" content=\"Depuis plus de 20 ans, Bio Biscuit, fabricant de nourriture cuite au four pour chiens et chats, offre ce qu&#039;il y a de meilleur \u00e0 vos animaux. D\u00e9couvrez nos produits!\" \/>\n<meta name=\"robots\" content=\"index, follow, max-snippet:-1, max-image-preview:large, max-video-preview:-1\" \/>\n<meta property=\"og:locale\" content=\"fr_CA\" \/>\n<meta property=\"og:type\" content=\"article\" \/>\n<meta property=\"og:title\" content=\"Bio Biscuit - Fabricant de nourriture pour chiens et chats de qualit\u00e9\" \/>\n<meta property=\"og:description\" content=\"Depuis plus de 20 ans, Bio Biscuit, fabricant de nourriture cuite au four pour chiens et chats, offre ce qu&#039;il y a de meilleur \u00e0 vos animaux. D\u00e9couvrez nos produits!\" \/>\n<meta property=\"og:url\" content=\"https:\/\/www.biobiscuit.com\/fr\/\" \/>\n<meta property=\"og:site_name\" content=\"Bio Biscuit\" \/>\n<meta property=\"article:modified_time\" content=\"2026-03-26T20:21:22+00:00\" \/>\n<meta name=\"twitter:card\" content=\"summary_large_image\" \/>\n<meta name=\"twitter:label1\" content=\"Dur\u00e9e de lecture estim\u00e9e\" \/>\n\t<meta name=\"twitter:data1\" content=\"1 minute\" \/>\n<script type=\"application\/ld+json\" class=\"yoast-schema-graph\">{\"@context\":\"https:\/\/schema.org\",\"@graph\":[{\"@type\":\"WebPage\",\"@id\":\"https:\/\/www.biobiscuit.com\/fr\/\",\"url\":\"https:\/\/www.biobiscuit.com\/fr\/\",\"name\":\"Bio Biscuit - Fabricant de nourriture pour chiens et chats de qualit\u00e9\",\"isPartOf\":{\"@id\":\"https:\/\/www.biobiscuit.com\/fr\/#website\"},\"datePublished\":\"2015-10-15T14:47:04+00:00\",\"dateModified\":\"2026-03-26T20:21:22+00:00\",\"description\":\"Depuis plus de 20 ans, Bio Biscuit, fabricant de nourriture cuite au four pour chiens et chats, offre ce qu'il y a de meilleur \u00e0 vos animaux. D\u00e9couvrez nos produits!\",\"breadcrumb\":{\"@id\":\"https:\/\/www.biobiscuit.com\/fr\/#breadcrumb\"},\"inLanguage\":\"fr-FR\",\"potentialAction\":[{\"@type\":\"ReadAction\",\"target\":[\"https:\/\/www.biobiscuit.com\/fr\/\"]}]},{\"@type\":\"BreadcrumbList\",\"@id\":\"https:\/\/www.biobiscuit.com\/fr\/#breadcrumb\",\"itemListElement\":[{\"@type\":\"ListItem\",\"position\":1,\"name\":\"Accueil\",\"item\":\"https:\/\/www.biobiscuit.com\/fr\/\"},{\"@type\":\"ListItem\",\"position\":2,\"name\":\"Bio Biscuit &#8211; la nutrition animale r\u00e9invent\u00e9e\"}]},{\"@type\":\"WebSite\",\"@id\":\"https:\/\/www.biobiscuit.com\/fr\/#website\",\"url\":\"https:\/\/www.biobiscuit.com\/fr\/\",\"name\":\"Bio Biscuit\",\"description\":\"\",\"potentialAction\":[{\"@type\":\"SearchAction\",\"target\":{\"@type\":\"EntryPoint\",\"urlTemplate\":\"https:\/\/www.biobiscuit.com\/fr\/?s={search_term_string}\"},\"query-input\":\"required name=search_term_string\"}],\"inLanguage\":\"fr-FR\"}]}<\/script>\n<!-- \/ Yoast SEO plugin. -->","yoast_head_json":{"title":"Bio Biscuit - Fabricant de nourriture pour chiens et chats de qualit\u00e9","description":"Depuis plus de 20 ans, Bio Biscuit, fabricant de nourriture cuite au four pour chiens et chats, offre ce qu'il y a de meilleur \u00e0 vos animaux. D\u00e9couvrez nos produits!","robots":{"index":"index","follow":"follow","max-snippet":"max-snippet:-1","max-image-preview":"max-image-preview:large","max-video-preview":"max-video-preview:-1"},"og_locale":"fr_CA","og_type":"article","og_title":"Bio Biscuit - Fabricant de nourriture pour chiens et chats de qualit\u00e9","og_description":"Depuis plus de 20 ans, Bio Biscuit, fabricant de nourriture cuite au four pour chiens et chats, offre ce qu'il y a de meilleur \u00e0 vos animaux. D\u00e9couvrez nos produits!","og_url":"https:\/\/www.biobiscuit.com\/fr\/","og_site_name":"Bio Biscuit","article_modified_time":"2026-03-26T20:21:22+00:00","twitter_card":"summary_large_image","twitter_misc":{"Dur\u00e9e de lecture estim\u00e9e":"1 minute"},"schema":{"@context":"https:\/\/schema.org","@graph":[{"@type":"WebPage","@id":"https:\/\/www.biobiscuit.com\/fr\/","url":"https:\/\/www.biobiscuit.com\/fr\/","name":"Bio Biscuit - Fabricant de nourriture pour chiens et chats de qualit\u00e9","isPartOf":{"@id":"https:\/\/www.biobiscuit.com\/fr\/#website"},"datePublished":"2015-10-15T14:47:04+00:00","dateModified":"2026-03-26T20:21:22+00:00","description":"Depuis plus de 20 ans, Bio Biscuit, fabricant de nourriture cuite au four pour chiens et chats, offre ce qu'il y a de meilleur \u00e0 vos animaux. D\u00e9couvrez nos produits!","breadcrumb":{"@id":"https:\/\/www.biobiscuit.com\/fr\/#breadcrumb"},"inLanguage":"fr-FR","potentialAction":[{"@type":"ReadAction","target":["https:\/\/www.biobiscuit.com\/fr\/"]}]},{"@type":"BreadcrumbList","@id":"https:\/\/www.biobiscuit.com\/fr\/#breadcrumb","itemListElement":[{"@type":"ListItem","position":1,"name":"Accueil","item":"https:\/\/www.biobiscuit.com\/fr\/"},{"@type":"ListItem","position":2,"name":"Bio Biscuit &#8211; la nutrition animale r\u00e9invent\u00e9e"}]},{"@type":"WebSite","@id":"https:\/\/www.biobiscuit.com\/fr\/#website","url":"https:\/\/www.biobiscuit.com\/fr\/","name":"Bio Biscuit","description":"","potentialAction":[{"@type":"SearchAction","target":{"@type":"EntryPoint","urlTemplate":"https:\/\/www.biobiscuit.com\/fr\/?s={search_term_string}"},"query-input":"required name=search_term_string"}],"inLanguage":"fr-FR"}]}},"_links":{"self":[{"href":"https:\/\/www.biobiscuit.com\/fr\/wp-json\/wp\/v2\/pages\/6"}],"collection":[{"href":"https:\/\/www.biobiscuit.com\/fr\/wp-json\/wp\/v2\/pages"}],"about":[{"href":"https:\/\/www.biobiscuit.com\/fr\/wp-json\/wp\/v2\/types\/page"}],"author":[{"embeddable":true,"href":"https:\/\/www.biobiscuit.com\/fr\/wp-json\/wp\/v2\/users\/1"}],"replies":[{"embeddable":true,"href":"https:\/\/www.biobiscuit.com\/fr\/wp-json\/wp\/v2\/comments?post=6"}],"version-history":[{"count":3,"href":"https:\/\/www.biobiscuit.com\/fr\/wp-json\/wp\/v2\/pages\/6\/revisions"}],"predecessor-version":[{"id":6678,"href":"https:\/\/www.biobiscuit.com\/fr\/wp-json\/wp\/v2\/pages\/6\/revisions\/6678"}],"wp:attachment":[{"href":"https:\/\/www.biobiscuit.com\/fr\/wp-json\/wp\/v2\/media?parent=6"}],"curies":[{"name":"wp","href":"https:\/\/api.w.org\/{rel}","templated":true}]}}