{"id":5227,"date":"2019-07-15T11:05:21","date_gmt":"2019-07-15T15:05:21","guid":{"rendered":"https:\/\/www.biobiscuit.com\/?page_id=5227"},"modified":"2024-01-08T14:42:42","modified_gmt":"2024-01-08T19:42:42","slug":"carriere","status":"publish","type":"page","link":"https:\/\/www.biobiscuit.com\/fr\/carriere\/","title":{"rendered":"Les offres disponibles"},"content":{"rendered":"<p>Bio Biscuit est une entreprise familiale \u0153uvrant dans le domaine de la nourriture animale depuis plus de 20 ans. D\u00e9couvrez les possibilit\u00e9s de carri\u00e8re chez nous en consultant nos offres d\u2019emploi. Postulez d\u00e8s maintenant!<\/p>\n","protected":false},"excerpt":{"rendered":"<p>Bio Biscuit est une entreprise familiale \u0153uvrant dans le domaine de la nourriture animale depuis plus de 20 ans. D\u00e9couvrez les possibilit\u00e9s de carri\u00e8re chez nous en consultant nos offres d\u2019emploi. Postulez d\u00e8s maintenant!<\/p>\n","protected":false},"author":1,"featured_media":0,"parent":0,"menu_order":0,"comment_status":"closed","ping_status":"closed","template":"template-listing-careers.php","meta":{"_acf_changed":false,"footnotes":""},"acf":[],"yoast_head":"<!-- This site is optimized with the Yoast SEO plugin v22.9 - https:\/\/yoast.com\/wordpress\/plugins\/seo\/ -->\n<title>Les offres disponibles - Bio Biscuit<\/title>\n<meta name=\"description\" content=\"Bio Biscuit est une entreprise familiale \u0153uvrant dans le domaine de la nourriture animale depuis plus de 20 ans. D\u00e9couvrez les possibilit\u00e9s de faire carri\u00e8re chez nous. Consultez nos offres d\u2019emplois. Postulez d\u00e8s maintenant!\" \/>\n<meta name=\"robots\" content=\"index, follow, max-snippet:-1, max-image-preview:large, max-video-preview:-1\" \/>\n<meta property=\"og:locale\" content=\"fr_CA\" \/>\n<meta property=\"og:type\" content=\"article\" \/>\n<meta property=\"og:title\" content=\"Les offres disponibles - Bio Biscuit\" \/>\n<meta property=\"og:description\" content=\"Bio Biscuit est une entreprise familiale \u0153uvrant dans le domaine de la nourriture animale depuis plus de 20 ans. D\u00e9couvrez les possibilit\u00e9s de faire carri\u00e8re chez nous. Consultez nos offres d\u2019emplois. Postulez d\u00e8s maintenant!\" \/>\n<meta property=\"og:url\" content=\"https:\/\/www.biobiscuit.com\/fr\/carriere\/\" \/>\n<meta property=\"og:site_name\" content=\"Bio Biscuit\" \/>\n<meta property=\"article:modified_time\" content=\"2024-01-08T19:42:42+00:00\" \/>\n<meta name=\"twitter:card\" content=\"summary_large_image\" \/>\n<script type=\"application\/ld+json\" class=\"yoast-schema-graph\">{\"@context\":\"https:\/\/schema.org\",\"@graph\":[{\"@type\":\"WebPage\",\"@id\":\"https:\/\/www.biobiscuit.com\/fr\/carriere\/\",\"url\":\"https:\/\/www.biobiscuit.com\/fr\/carriere\/\",\"name\":\"Les offres disponibles - Bio Biscuit\",\"isPartOf\":{\"@id\":\"https:\/\/www.biobiscuit.com\/fr\/#website\"},\"datePublished\":\"2019-07-15T15:05:21+00:00\",\"dateModified\":\"2024-01-08T19:42:42+00:00\",\"description\":\"Bio Biscuit est une entreprise familiale \u0153uvrant dans le domaine de la nourriture animale depuis plus de 20 ans. D\u00e9couvrez les possibilit\u00e9s de faire carri\u00e8re chez nous. Consultez nos offres d\u2019emplois. Postulez d\u00e8s maintenant!\",\"breadcrumb\":{\"@id\":\"https:\/\/www.biobiscuit.com\/fr\/carriere\/#breadcrumb\"},\"inLanguage\":\"fr-FR\",\"potentialAction\":[{\"@type\":\"ReadAction\",\"target\":[\"https:\/\/www.biobiscuit.com\/fr\/carriere\/\"]}]},{\"@type\":\"BreadcrumbList\",\"@id\":\"https:\/\/www.biobiscuit.com\/fr\/carriere\/#breadcrumb\",\"itemListElement\":[{\"@type\":\"ListItem\",\"position\":1,\"name\":\"Accueil\",\"item\":\"https:\/\/www.biobiscuit.com\/fr\/\"},{\"@type\":\"ListItem\",\"position\":2,\"name\":\"Les offres disponibles\"}]},{\"@type\":\"WebSite\",\"@id\":\"https:\/\/www.biobiscuit.com\/fr\/#website\",\"url\":\"https:\/\/www.biobiscuit.com\/fr\/\",\"name\":\"Bio Biscuit\",\"description\":\"\",\"potentialAction\":[{\"@type\":\"SearchAction\",\"target\":{\"@type\":\"EntryPoint\",\"urlTemplate\":\"https:\/\/www.biobiscuit.com\/fr\/?s={search_term_string}\"},\"query-input\":\"required name=search_term_string\"}],\"inLanguage\":\"fr-FR\"}]}<\/script>\n<!-- \/ Yoast SEO plugin. -->","yoast_head_json":{"title":"Les offres disponibles - Bio Biscuit","description":"Bio Biscuit est une entreprise familiale \u0153uvrant dans le domaine de la nourriture animale depuis plus de 20 ans. D\u00e9couvrez les possibilit\u00e9s de faire carri\u00e8re chez nous. Consultez nos offres d\u2019emplois. Postulez d\u00e8s maintenant!","robots":{"index":"index","follow":"follow","max-snippet":"max-snippet:-1","max-image-preview":"max-image-preview:large","max-video-preview":"max-video-preview:-1"},"og_locale":"fr_CA","og_type":"article","og_title":"Les offres disponibles - Bio Biscuit","og_description":"Bio Biscuit est une entreprise familiale \u0153uvrant dans le domaine de la nourriture animale depuis plus de 20 ans. D\u00e9couvrez les possibilit\u00e9s de faire carri\u00e8re chez nous. Consultez nos offres d\u2019emplois. Postulez d\u00e8s maintenant!","og_url":"https:\/\/www.biobiscuit.com\/fr\/carriere\/","og_site_name":"Bio Biscuit","article_modified_time":"2024-01-08T19:42:42+00:00","twitter_card":"summary_large_image","schema":{"@context":"https:\/\/schema.org","@graph":[{"@type":"WebPage","@id":"https:\/\/www.biobiscuit.com\/fr\/carriere\/","url":"https:\/\/www.biobiscuit.com\/fr\/carriere\/","name":"Les offres disponibles - Bio Biscuit","isPartOf":{"@id":"https:\/\/www.biobiscuit.com\/fr\/#website"},"datePublished":"2019-07-15T15:05:21+00:00","dateModified":"2024-01-08T19:42:42+00:00","description":"Bio Biscuit est une entreprise familiale \u0153uvrant dans le domaine de la nourriture animale depuis plus de 20 ans. D\u00e9couvrez les possibilit\u00e9s de faire carri\u00e8re chez nous. Consultez nos offres d\u2019emplois. Postulez d\u00e8s maintenant!","breadcrumb":{"@id":"https:\/\/www.biobiscuit.com\/fr\/carriere\/#breadcrumb"},"inLanguage":"fr-FR","potentialAction":[{"@type":"ReadAction","target":["https:\/\/www.biobiscuit.com\/fr\/carriere\/"]}]},{"@type":"BreadcrumbList","@id":"https:\/\/www.biobiscuit.com\/fr\/carriere\/#breadcrumb","itemListElement":[{"@type":"ListItem","position":1,"name":"Accueil","item":"https:\/\/www.biobiscuit.com\/fr\/"},{"@type":"ListItem","position":2,"name":"Les offres disponibles"}]},{"@type":"WebSite","@id":"https:\/\/www.biobiscuit.com\/fr\/#website","url":"https:\/\/www.biobiscuit.com\/fr\/","name":"Bio Biscuit","description":"","potentialAction":[{"@type":"SearchAction","target":{"@type":"EntryPoint","urlTemplate":"https:\/\/www.biobiscuit.com\/fr\/?s={search_term_string}"},"query-input":"required name=search_term_string"}],"inLanguage":"fr-FR"}]}},"_links":{"self":[{"href":"https:\/\/www.biobiscuit.com\/fr\/wp-json\/wp\/v2\/pages\/5227"}],"collection":[{"href":"https:\/\/www.biobiscuit.com\/fr\/wp-json\/wp\/v2\/pages"}],"about":[{"href":"https:\/\/www.biobiscuit.com\/fr\/wp-json\/wp\/v2\/types\/page"}],"author":[{"embeddable":true,"href":"https:\/\/www.biobiscuit.com\/fr\/wp-json\/wp\/v2\/users\/1"}],"replies":[{"embeddable":true,"href":"https:\/\/www.biobiscuit.com\/fr\/wp-json\/wp\/v2\/comments?post=5227"}],"version-history":[{"count":2,"href":"https:\/\/www.biobiscuit.com\/fr\/wp-json\/wp\/v2\/pages\/5227\/revisions"}],"predecessor-version":[{"id":6381,"href":"https:\/\/www.biobiscuit.com\/fr\/wp-json\/wp\/v2\/pages\/5227\/revisions\/6381"}],"wp:attachment":[{"href":"https:\/\/www.biobiscuit.com\/fr\/wp-json\/wp\/v2\/media?parent=5227"}],"curies":[{"name":"wp","href":"https:\/\/api.w.org\/{rel}","templated":true}]}}