{"id":3278,"date":"2015-12-22T13:09:13","date_gmt":"2015-12-22T18:09:13","guid":{"rendered":"http:\/\/wp-immopages.eliappdrupal1.elisys-servers.ca\/fr\/?page_id=3278"},"modified":"2024-01-08T15:31:08","modified_gmt":"2024-01-08T20:31:08","slug":"politique-de-confidentialite","status":"publish","type":"page","link":"https:\/\/www.biobiscuit.com\/fr\/politique-de-confidentialite\/","title":{"rendered":"Politique de confidentialit\u00e9"},"content":{"rendered":"<p class=\"last\">Devant le d\u00e9veloppement des nouveaux outils de communication, il est n\u00e9cessaire de porter une attention particuli\u00e8re \u00e0 la protection de la vie priv\u00e9e. C&rsquo;est pourquoi nous nous engageons \u00e0 respecter la confidentialit\u00e9 des renseignements personnels que nous collectons.<\/p>\n<h2>Collecte de renseignements personnels<\/h2>\n<p class=\"last\">Nous collectons les renseignements suivants\u00a0:<\/p>\n<ul>\n<li>Nom<\/li>\n<li>Pr\u00e9nom<\/li>\n<li>Adresse \u00e9lectronique<\/li>\n<li>Num\u00e9ro de t\u00e9l\u00e9phone<\/li>\n<\/ul>\n<p class=\"last\">Les renseignements personnels que nous collectons sont recueillis au travers de formulaires et gr\u00e2ce \u00e0 l&rsquo;interactivit\u00e9 \u00e9tablie entre vous et notre site Web. Nous utilisons \u00e9galement, comme indiqu\u00e9 dans la section suivante, des fichiers t\u00e9moins et\/ou journaux pour r\u00e9unir des informations vous concernant.<\/p>\n<h3>Formulaires et interactivit\u00e9<\/h3>\n<p class=\"last\">Vos renseignements personnels sont collect\u00e9s par le biais de formulaires, \u00e0 savoir :<\/p>\n<ul>\n<li>Demande d&rsquo;information sur un produit<\/li>\n<\/ul>\n<p class=\"last\">Nous utilisons les renseignements ainsi collect\u00e9s pour les finalit\u00e9s suivantes\u00a0:<\/p>\n<ul>\n<li>Informations\/Offres promotionnelles<\/li>\n<li>Contact<\/li>\n<\/ul>\n<p class=\"last\">Vos renseignements sont \u00e9galement collect\u00e9s par le biais de l&rsquo;interactivit\u00e9 pouvant s&rsquo;\u00e9tablir entre vous et notre site Web, et ce, de la fa\u00e7on suivante\u00a0:<\/p>\n<ul>\n<li>Contact<\/li>\n<\/ul>\n<p class=\"last\">Nous utilisons les renseignements ainsi collect\u00e9s pour les finalit\u00e9s suivantes\u00a0:<\/p>\n<ul class=\"last\">\n<li>Correspondance<\/li>\n<li>Informations ou offres promotionnelles<\/li>\n<\/ul>\n<h3>Fichiers journaux et t\u00e9moins<\/h3>\n<p class=\"last\">Nous recueillons certaines informations par le biais de fichiers journaux (log file) et de fichiers t\u00e9moins (cookies). Il s&rsquo;agit principalement des informations suivantes\u00a0:<\/p>\n<ul>\n<li>Adresse IP<\/li>\n<li>Syst\u00e8me d&rsquo;exploitation<\/li>\n<li>Pages visit\u00e9es et requ\u00eates<\/li>\n<li>Heure et jour de connexion<\/li>\n<\/ul>\n<p class=\"last\">Le recours \u00e0 de tels fichiers nous permet\u00a0:<\/p>\n<ul class=\"last\">\n<li>d&rsquo;am\u00e9liorer le service et de fournir un accueil personnalis\u00e9<\/li>\n<li>de recueillir des statistiques<\/li>\n<li>de faire de la publicit\u00e9 digitale de type \u00ab\u00a0remarketing\u00a0\u00bb<\/li>\n<\/ul>\n<h2>Partage des renseignements personnels<\/h2>\n<p class=\"last\">Nous nous engageons \u00e0 ne pas commercialiser les renseignements personnels collect\u00e9s. Toutefois, il nous arrive de partager ces informations avec des tiers, incluant Google et autres, pour les raisons suivantes\u00a0:<\/p>\n<ul>\n<li>Publicit\u00e9 digitale de type \u00ab\u00a0remarketing\u00a0\u00bb<\/li>\n<\/ul>\n<p class=\"last\">Si vous ne souhaitez pas que vos renseignements personnels soient communiqu\u00e9s \u00e0 des tiers, il vous est possible de vous y opposer au moment de la collecte ou \u00e0 tout moment par la suite, comme mentionn\u00e9 dans la section suivante.<\/p>\n<h2>Droit d&rsquo;opposition et de retrait<\/h2>\n<p>Nous nous engageons \u00e0 vous offrir un droit d&rsquo;opposition et de retrait quant \u00e0 vos renseignements personnels.<\/p>\n<p>Le droit d&rsquo;opposition s&rsquo;entend comme \u00e9tant la possibilit\u00e9 offerte aux internautes de refuser que leurs renseignements personnels soient utilis\u00e9s \u00e0 certaines fins mentionn\u00e9es lors de la collecte.<\/p>\n<p>Le droit de retrait s&rsquo;entend comme \u00e9tant la possibilit\u00e9 offerte aux internautes de demander \u00e0 ce que leurs renseignements personnels ne figurent plus, par exemple, dans une liste de diffusion.<\/p>\n<p class=\"last\">Pour pouvoir exercer ces droits, vous pouvez nous contacter \u00e0 l&rsquo;adresse ci-dessous\u00a0:<\/p>\n<ul>\n<li>Adresse postale\u00a0: 5505, rue Trudeau, Saint-Hyacinthe (Qu\u00e9bec)\u00a0\u00a0J2S 1H5<\/li>\n<li>Courriel\u00a0: <a href=\"mailto:info@biobiscuit.com\">info@biobiscuit.com<\/a><\/li>\n<li>T\u00e9l\u00e9phone\u00a0: <span class=\"nobr\">1 888 224-4140<\/span><\/li>\n<\/ul>\n<p class=\"last\">Google offre la possibilit\u00e9 de se d\u00e9sabonner automatiquement de toute publicit\u00e9 cibl\u00e9e par centres d&rsquo;int\u00e9r\u00eat ou par \u00ab\u00a0remarketing\u00a0\u00bb. Veuillez visiter la page suivante pour vous d\u00e9sabonner\u00a0: <a href=\"https:\/\/www.google.com\/intl\/fr\/policies\/privacy\/\" target=\"_blank\" rel=\"noopener noreferrer\">Centre de confidentialit\u00e9 Google<\/a>.<\/p>\n<h2>Droit d&rsquo;acc\u00e8s<\/h2>\n<p>Nous nous engageons \u00e0 reconna\u00eetre un droit d&rsquo;acc\u00e8s et de rectification aux personnes concern\u00e9es d\u00e9sireuses de consulter, modifier, voire radier les informations les concernant.<\/p>\n<p class=\"last\">L&rsquo;exercice de ce droit se fera en nous contactant \u00e0 l&rsquo;adresse suivante\u00a0:<\/p>\n<ul>\n<li>Adresse postale\u00a0: 5505, rue Trudeau, Saint-Hyacinthe (Qu\u00e9bec)\u00a0\u00a0J2S 1H5<\/li>\n<li>Courriel\u00a0: <a href=\"mailto:info@biobiscuit.com\">info@biobiscuit.com<\/a><\/li>\n<li>T\u00e9l\u00e9phone\u00a0: <span class=\"nobr\">1 888 224-4140<\/span><\/li>\n<\/ul>\n<h2>S\u00e9curit\u00e9<\/h2>\n<p>Les renseignements personnels que nous collectons sont conserv\u00e9s dans un environnement s\u00e9curis\u00e9. Les personnes travaillant pour nous sont tenues de respecter la confidentialit\u00e9 de vos informations.<\/p>\n<p class=\"last\">Nous nous engageons \u00e0 maintenir un haut degr\u00e9 de confidentialit\u00e9 en int\u00e9grant les derni\u00e8res innovations technologiques permettant d&rsquo;assurer la confidentialit\u00e9 de vos transactions. Toutefois, comme aucun m\u00e9canisme n&rsquo;offre une s\u00e9curit\u00e9 maximale, une part de risque est toujours pr\u00e9sente lorsque l&rsquo;on utilise Internet pour transmettre des renseignements personnels.<\/p>\n<h2>Politique en mati\u00e8re de protection des renseignements personnels<\/h2>\n<p>Bio Biscuit inc. a mis en place une politique portant sur les renseignements personnels qu\u2019elle peut recueillir sur les sites web www.biobiscuit.com et www.ovenbakedtradition.com, lorsque vous faites une demande d\u2019emploi, que vous nous contacter pour des questions ou participez \u00e0 des concours.<\/p>\n<h3>D\u00e9finition :<\/h3>\n<p>Lorsqu\u2019utilis\u00e9 dans la pr\u00e9sente politique, le terme \u00ab Renseignements personnels \u00bb d\u00e9signe tout renseignement permettant d\u2019identifier un individu. Il peut s\u2019agir, par exemple, de vos coordonn\u00e9es personnelles (adresse, date de naissance, num\u00e9ro de t\u00e9l\u00e9phone).<\/p>\n<h3>Responsable de la protection des renseignements personnels :<\/h3>\n<p>La responsable des renseignements personnels chez Bio Biscuit est la Directrice des ressources humaines. Dans l\u2019\u00e9ventualit\u00e9 o\u00f9 la confidentialit\u00e9 de vos renseignements venait \u00e0 \u00eatre compromise, vous pouvez contacter la responsable le plus t\u00f4t possible au 450-778-1349.<\/p>\n<h3>Utilisation et destruction :<\/h3>\n<p>Nous nous engageons \u00e0 utiliser vos renseignements personnels \u00e0 des fins professionnelles uniquement. Lorsqu\u2019un document comprenant vos renseignements personnels n\u2019est plus n\u00e9cessaire, les personnes autoris\u00e9es d\u00e9truisent de mani\u00e8re s\u00e9curitaire les informations.<\/p>\n<h3>Mesures mises en place :<\/h3>\n<p>Bio Biscuit Inc. s\u2019engage \u00e0 communiquer avec la personne dont les renseignements personnels ont \u00e9t\u00e9 compromis et \u00e0 prendre les mesures n\u00e9cessaires pour corriger la situation.<br \/>\nEnfin, Bio Biscuit Inc. observe et respecte les dispositions stipul\u00e9es dans la Loi sur la protection des renseignements personnels et les documents \u00e9lectroniques (la \u00ab Loi \u00bb) et toute autre loi f\u00e9d\u00e9rale ou provinciale en vigueur au Canada r\u00e9gissant la protection des renseignements personnels dans le secteur priv\u00e9.<\/p>\n","protected":false},"excerpt":{"rendered":"<p>Devant le d\u00e9veloppement des nouveaux outils de communication, il est n\u00e9cessaire de porter une attention particuli\u00e8re \u00e0 la protection de la vie priv\u00e9e. C&rsquo;est pourquoi nous nous engageons \u00e0 respecter la confidentialit\u00e9 des renseignements personnels que nous collectons. Collecte de renseignements personnels Nous collectons les renseignements suivants\u00a0: Nom Pr\u00e9nom Adresse \u00e9lectronique Num\u00e9ro de t\u00e9l\u00e9phone Les &hellip; <a href=\"https:\/\/www.biobiscuit.com\/fr\/politique-de-confidentialite\/\">Continued<\/a><\/p>\n","protected":false},"author":1,"featured_media":0,"parent":0,"menu_order":0,"comment_status":"closed","ping_status":"closed","template":"template-no-sidebar.php","meta":{"_acf_changed":false,"footnotes":""},"acf":[],"yoast_head":"<!-- This site is optimized with the Yoast SEO plugin v22.9 - https:\/\/yoast.com\/wordpress\/plugins\/seo\/ -->\n<title>Politique de confidentialit\u00e9 - Bio Biscuit<\/title>\n<meta name=\"description\" content=\"Consultez notre politique de confidentialit\u00e9 et les conditions d&#039;utilisation de notre site.\" \/>\n<meta name=\"robots\" content=\"index, follow, max-snippet:-1, max-image-preview:large, max-video-preview:-1\" \/>\n<meta property=\"og:locale\" content=\"fr_CA\" \/>\n<meta property=\"og:type\" content=\"article\" \/>\n<meta property=\"og:title\" content=\"Politique de confidentialit\u00e9 - Bio Biscuit\" \/>\n<meta property=\"og:description\" content=\"Consultez notre politique de confidentialit\u00e9 et les conditions d&#039;utilisation de notre site.\" \/>\n<meta property=\"og:url\" content=\"https:\/\/www.biobiscuit.com\/fr\/politique-de-confidentialite\/\" \/>\n<meta property=\"og:site_name\" content=\"Bio Biscuit\" \/>\n<meta property=\"article:modified_time\" content=\"2024-01-08T20:31:08+00:00\" \/>\n<meta name=\"twitter:card\" content=\"summary_large_image\" \/>\n<meta name=\"twitter:label1\" content=\"Dur\u00e9e de lecture estim\u00e9e\" \/>\n\t<meta name=\"twitter:data1\" content=\"5 minutes\" \/>\n<script type=\"application\/ld+json\" class=\"yoast-schema-graph\">{\"@context\":\"https:\/\/schema.org\",\"@graph\":[{\"@type\":\"WebPage\",\"@id\":\"https:\/\/www.biobiscuit.com\/fr\/politique-de-confidentialite\/\",\"url\":\"https:\/\/www.biobiscuit.com\/fr\/politique-de-confidentialite\/\",\"name\":\"Politique de confidentialit\u00e9 - Bio Biscuit\",\"isPartOf\":{\"@id\":\"https:\/\/www.biobiscuit.com\/fr\/#website\"},\"datePublished\":\"2015-12-22T18:09:13+00:00\",\"dateModified\":\"2024-01-08T20:31:08+00:00\",\"description\":\"Consultez notre politique de confidentialit\u00e9 et les conditions d'utilisation de notre site.\",\"breadcrumb\":{\"@id\":\"https:\/\/www.biobiscuit.com\/fr\/politique-de-confidentialite\/#breadcrumb\"},\"inLanguage\":\"fr-FR\",\"potentialAction\":[{\"@type\":\"ReadAction\",\"target\":[\"https:\/\/www.biobiscuit.com\/fr\/politique-de-confidentialite\/\"]}]},{\"@type\":\"BreadcrumbList\",\"@id\":\"https:\/\/www.biobiscuit.com\/fr\/politique-de-confidentialite\/#breadcrumb\",\"itemListElement\":[{\"@type\":\"ListItem\",\"position\":1,\"name\":\"Accueil\",\"item\":\"https:\/\/www.biobiscuit.com\/fr\/\"},{\"@type\":\"ListItem\",\"position\":2,\"name\":\"Politique de confidentialit\u00e9\"}]},{\"@type\":\"WebSite\",\"@id\":\"https:\/\/www.biobiscuit.com\/fr\/#website\",\"url\":\"https:\/\/www.biobiscuit.com\/fr\/\",\"name\":\"Bio Biscuit\",\"description\":\"\",\"potentialAction\":[{\"@type\":\"SearchAction\",\"target\":{\"@type\":\"EntryPoint\",\"urlTemplate\":\"https:\/\/www.biobiscuit.com\/fr\/?s={search_term_string}\"},\"query-input\":\"required name=search_term_string\"}],\"inLanguage\":\"fr-FR\"}]}<\/script>\n<!-- \/ Yoast SEO plugin. -->","yoast_head_json":{"title":"Politique de confidentialit\u00e9 - Bio Biscuit","description":"Consultez notre politique de confidentialit\u00e9 et les conditions d'utilisation de notre site.","robots":{"index":"index","follow":"follow","max-snippet":"max-snippet:-1","max-image-preview":"max-image-preview:large","max-video-preview":"max-video-preview:-1"},"og_locale":"fr_CA","og_type":"article","og_title":"Politique de confidentialit\u00e9 - Bio Biscuit","og_description":"Consultez notre politique de confidentialit\u00e9 et les conditions d'utilisation de notre site.","og_url":"https:\/\/www.biobiscuit.com\/fr\/politique-de-confidentialite\/","og_site_name":"Bio Biscuit","article_modified_time":"2024-01-08T20:31:08+00:00","twitter_card":"summary_large_image","twitter_misc":{"Dur\u00e9e de lecture estim\u00e9e":"5 minutes"},"schema":{"@context":"https:\/\/schema.org","@graph":[{"@type":"WebPage","@id":"https:\/\/www.biobiscuit.com\/fr\/politique-de-confidentialite\/","url":"https:\/\/www.biobiscuit.com\/fr\/politique-de-confidentialite\/","name":"Politique de confidentialit\u00e9 - Bio Biscuit","isPartOf":{"@id":"https:\/\/www.biobiscuit.com\/fr\/#website"},"datePublished":"2015-12-22T18:09:13+00:00","dateModified":"2024-01-08T20:31:08+00:00","description":"Consultez notre politique de confidentialit\u00e9 et les conditions d'utilisation de notre site.","breadcrumb":{"@id":"https:\/\/www.biobiscuit.com\/fr\/politique-de-confidentialite\/#breadcrumb"},"inLanguage":"fr-FR","potentialAction":[{"@type":"ReadAction","target":["https:\/\/www.biobiscuit.com\/fr\/politique-de-confidentialite\/"]}]},{"@type":"BreadcrumbList","@id":"https:\/\/www.biobiscuit.com\/fr\/politique-de-confidentialite\/#breadcrumb","itemListElement":[{"@type":"ListItem","position":1,"name":"Accueil","item":"https:\/\/www.biobiscuit.com\/fr\/"},{"@type":"ListItem","position":2,"name":"Politique de confidentialit\u00e9"}]},{"@type":"WebSite","@id":"https:\/\/www.biobiscuit.com\/fr\/#website","url":"https:\/\/www.biobiscuit.com\/fr\/","name":"Bio Biscuit","description":"","potentialAction":[{"@type":"SearchAction","target":{"@type":"EntryPoint","urlTemplate":"https:\/\/www.biobiscuit.com\/fr\/?s={search_term_string}"},"query-input":"required name=search_term_string"}],"inLanguage":"fr-FR"}]}},"_links":{"self":[{"href":"https:\/\/www.biobiscuit.com\/fr\/wp-json\/wp\/v2\/pages\/3278"}],"collection":[{"href":"https:\/\/www.biobiscuit.com\/fr\/wp-json\/wp\/v2\/pages"}],"about":[{"href":"https:\/\/www.biobiscuit.com\/fr\/wp-json\/wp\/v2\/types\/page"}],"author":[{"embeddable":true,"href":"https:\/\/www.biobiscuit.com\/fr\/wp-json\/wp\/v2\/users\/1"}],"replies":[{"embeddable":true,"href":"https:\/\/www.biobiscuit.com\/fr\/wp-json\/wp\/v2\/comments?post=3278"}],"version-history":[{"count":2,"href":"https:\/\/www.biobiscuit.com\/fr\/wp-json\/wp\/v2\/pages\/3278\/revisions"}],"predecessor-version":[{"id":6385,"href":"https:\/\/www.biobiscuit.com\/fr\/wp-json\/wp\/v2\/pages\/3278\/revisions\/6385"}],"wp:attachment":[{"href":"https:\/\/www.biobiscuit.com\/fr\/wp-json\/wp\/v2\/media?parent=3278"}],"curies":[{"name":"wp","href":"https:\/\/api.w.org\/{rel}","templated":true}]}}